{"id":1954,"date":"2023-07-31T14:17:51","date_gmt":"2023-07-31T12:17:51","guid":{"rendered":"http:\/\/s510957861.mialojamiento.es\/desinfeccion\/"},"modified":"2023-10-06T11:04:10","modified_gmt":"2023-10-06T09:04:10","slug":"desinfeccio","status":"publish","type":"page","link":"https:\/\/controldeplagasselle.com\/ca\/desinfeccio\/","title":{"rendered":"Desinfecci\u00f3"},"content":{"rendered":"\t\t<div data-elementor-type=\"wp-page\" data-elementor-id=\"1954\" class=\"elementor elementor-1954 elementor-1394\">\n\t\t\t\t\t\t\t\t\t<section class=\"elementor-section elementor-top-section elementor-element elementor-element-e4c930e elementor-section-boxed elementor-section-height-default elementor-section-height-default\" data-id=\"e4c930e\" data-element_type=\"section\" data-settings=\"{&quot;background_background&quot;:&quot;classic&quot;}\">\n\t\t\t\t\t\t<div class=\"elementor-container elementor-column-gap-no\">\n\t\t\t\t\t<div class=\"elementor-column elementor-col-100 elementor-top-column elementor-element elementor-element-3fd3492\" data-id=\"3fd3492\" data-element_type=\"column\">\n\t\t\t<div class=\"elementor-widget-wrap elementor-element-populated\">\n\t\t\t\t\t\t\t\t<div class=\"elementor-element elementor-element-e6644a2 elementor-widget elementor-widget-heading\" data-id=\"e6644a2\" data-element_type=\"widget\" data-widget_type=\"heading.default\">\n\t\t\t\t<div class=\"elementor-widget-container\">\n\t\t\t<style>\/*! elementor - v3.15.0 - 20-08-2023 *\/\n.elementor-heading-title{padding:0;margin:0;line-height:1}.elementor-widget-heading .elementor-heading-title[class*=elementor-size-]>a{color:inherit;font-size:inherit;line-height:inherit}.elementor-widget-heading .elementor-heading-title.elementor-size-small{font-size:15px}.elementor-widget-heading .elementor-heading-title.elementor-size-medium{font-size:19px}.elementor-widget-heading .elementor-heading-title.elementor-size-large{font-size:29px}.elementor-widget-heading .elementor-heading-title.elementor-size-xl{font-size:39px}.elementor-widget-heading .elementor-heading-title.elementor-size-xxl{font-size:59px}<\/style><h1 class=\"elementor-heading-title elementor-size-default\">Desinfecci\u00f3<\/h1>\t\t<\/div>\n\t\t\t\t<\/div>\n\t\t\t\t\t<\/div>\n\t\t<\/div>\n\t\t\t\t\t\t\t<\/div>\n\t\t<\/section>\n\t\t\t\t<section class=\"elementor-section elementor-top-section elementor-element elementor-element-bb6a4cb elementor-reverse-mobile elementor-section-boxed elementor-section-height-default elementor-section-height-default\" data-id=\"bb6a4cb\" data-element_type=\"section\">\n\t\t\t\t\t\t<div class=\"elementor-container elementor-column-gap-no\">\n\t\t\t\t\t<div class=\"elementor-column elementor-col-100 elementor-top-column elementor-element elementor-element-04cd40c\" data-id=\"04cd40c\" data-element_type=\"column\">\n\t\t\t<div class=\"elementor-widget-wrap elementor-element-populated\">\n\t\t\t\t\t\t\t\t<section class=\"elementor-section elementor-inner-section elementor-element elementor-element-a7cfe61 elementor-section-boxed elementor-section-height-default elementor-section-height-default\" data-id=\"a7cfe61\" data-element_type=\"section\">\n\t\t\t\t\t\t<div class=\"elementor-container elementor-column-gap-no\">\n\t\t\t\t\t<div class=\"elementor-column elementor-col-50 elementor-inner-column elementor-element elementor-element-413fabb\" data-id=\"413fabb\" data-element_type=\"column\" data-settings=\"{&quot;background_background&quot;:&quot;classic&quot;}\">\n\t\t\t<div class=\"elementor-widget-wrap elementor-element-populated\">\n\t\t\t\t\t<div class=\"elementor-background-overlay\"><\/div>\n\t\t\t\t\t\t\t\t<div class=\"elementor-element elementor-element-8b09e6d elementor-widget elementor-widget-image\" data-id=\"8b09e6d\" data-element_type=\"widget\" data-widget_type=\"image.default\">\n\t\t\t\t<div class=\"elementor-widget-container\">\n\t\t\t<style>\/*! elementor - v3.15.0 - 20-08-2023 *\/\n.elementor-widget-image{text-align:center}.elementor-widget-image a{display:inline-block}.elementor-widget-image a img[src$=\".svg\"]{width:48px}.elementor-widget-image img{vertical-align:middle;display:inline-block}<\/style>\t\t\t\t\t\t\t\t\t\t\t\t<img loading=\"lazy\" decoding=\"async\" width=\"2000\" height=\"1333\" src=\"https:\/\/controldeplagasselle.com\/wp-content\/uploads\/2023\/10\/hombre-traje-protector-antibacteriano-limpiando-aula-spray-liquido-desinfectante-trabajador-sanitario-profesional-desinfecta-auditorio-equipo-especial-concepto-salud.jpg\" class=\"attachment-full size-full wp-image-1757\" alt=\"\" srcset=\"https:\/\/controldeplagasselle.com\/wp-content\/uploads\/2023\/10\/hombre-traje-protector-antibacteriano-limpiando-aula-spray-liquido-desinfectante-trabajador-sanitario-profesional-desinfecta-auditorio-equipo-especial-concepto-salud.jpg 2000w, https:\/\/controldeplagasselle.com\/wp-content\/uploads\/2023\/10\/hombre-traje-protector-antibacteriano-limpiando-aula-spray-liquido-desinfectante-trabajador-sanitario-profesional-desinfecta-auditorio-equipo-especial-concepto-salud-300x200.jpg 300w, https:\/\/controldeplagasselle.com\/wp-content\/uploads\/2023\/10\/hombre-traje-protector-antibacteriano-limpiando-aula-spray-liquido-desinfectante-trabajador-sanitario-profesional-desinfecta-auditorio-equipo-especial-concepto-salud-1024x682.jpg 1024w, https:\/\/controldeplagasselle.com\/wp-content\/uploads\/2023\/10\/hombre-traje-protector-antibacteriano-limpiando-aula-spray-liquido-desinfectante-trabajador-sanitario-profesional-desinfecta-auditorio-equipo-especial-concepto-salud-768x512.jpg 768w, https:\/\/controldeplagasselle.com\/wp-content\/uploads\/2023\/10\/hombre-traje-protector-antibacteriano-limpiando-aula-spray-liquido-desinfectante-trabajador-sanitario-profesional-desinfecta-auditorio-equipo-especial-concepto-salud-1536x1024.jpg 1536w\" sizes=\"auto, (max-width: 2000px) 100vw, 2000px\" \/>\t\t\t\t\t\t\t\t\t\t\t\t\t\t\t<\/div>\n\t\t\t\t<\/div>\n\t\t\t\t\t<\/div>\n\t\t<\/div>\n\t\t\t\t<div class=\"elementor-column elementor-col-50 elementor-inner-column elementor-element elementor-element-677bbb9\" data-id=\"677bbb9\" data-element_type=\"column\">\n\t\t\t<div class=\"elementor-widget-wrap elementor-element-populated\">\n\t\t\t\t\t\t\t\t<div class=\"elementor-element elementor-element-c381277 elementor-widget elementor-widget-text-editor\" data-id=\"c381277\" data-element_type=\"widget\" data-widget_type=\"text-editor.default\">\n\t\t\t\t<div class=\"elementor-widget-container\">\n\t\t\t<style>\/*! elementor - v3.15.0 - 20-08-2023 *\/\n.elementor-widget-text-editor.elementor-drop-cap-view-stacked .elementor-drop-cap{background-color:#69727d;color:#fff}.elementor-widget-text-editor.elementor-drop-cap-view-framed .elementor-drop-cap{color:#69727d;border:3px solid;background-color:transparent}.elementor-widget-text-editor:not(.elementor-drop-cap-view-default) .elementor-drop-cap{margin-top:8px}.elementor-widget-text-editor:not(.elementor-drop-cap-view-default) .elementor-drop-cap-letter{width:1em;height:1em}.elementor-widget-text-editor .elementor-drop-cap{float:left;text-align:center;line-height:1;font-size:50px}.elementor-widget-text-editor .elementor-drop-cap-letter{display:inline-block}<\/style>\t\t\t\t<p>La pres\u00e8ncia de <strong>microorganismes, en ambients interiors, per sobre de determinats llindars representa un risc potencial per a la salut p\u00fablica<\/strong>. Amb vista a evitar que es produeixi aquesta situaci\u00f3, \u00e9s necessari establir <strong>mesures de prevenci\u00f3 i control dirigides a la reducci\u00f3 de la taxa microbiana<\/strong> fins a nivells considerats segurs.<\/p><p>La desinfecci\u00f3 ha de ser sempre posterior a la neteja, excepte contraindicaci\u00f3 espec\u00edfica. Amb <strong>car\u00e0cter general<\/strong>, la desinfecci\u00f3 nom\u00e9s ha de realitzar-se en aquells casos en els quals el <strong>programa de neteja sigui insuficient per al control del risc<\/strong>.<\/p>\t\t\t\t\t\t<\/div>\n\t\t\t\t<\/div>\n\t\t\t\t\t<\/div>\n\t\t<\/div>\n\t\t\t\t\t\t\t<\/div>\n\t\t<\/section>\n\t\t\t\t<section class=\"elementor-section elementor-inner-section elementor-element elementor-element-270b105 elementor-reverse-mobile elementor-section-boxed elementor-section-height-default elementor-section-height-default\" data-id=\"270b105\" data-element_type=\"section\">\n\t\t\t\t\t\t<div class=\"elementor-container elementor-column-gap-no\">\n\t\t\t\t\t<div class=\"elementor-column elementor-col-50 elementor-inner-column elementor-element elementor-element-9ea4898\" data-id=\"9ea4898\" data-element_type=\"column\">\n\t\t\t<div class=\"elementor-widget-wrap elementor-element-populated\">\n\t\t\t\t\t\t\t\t<div class=\"elementor-element elementor-element-659fa2d elementor-widget elementor-widget-heading\" data-id=\"659fa2d\" data-element_type=\"widget\" data-widget_type=\"heading.default\">\n\t\t\t\t<div class=\"elementor-widget-container\">\n\t\t\t<h3 class=\"elementor-heading-title elementor-size-default\">Coronavirus SARS-CoV-2 (COVID-19) <\/h3>\t\t<\/div>\n\t\t\t\t<\/div>\n\t\t\t\t<div class=\"elementor-element elementor-element-846a4bf elementor-widget elementor-widget-text-editor\" data-id=\"846a4bf\" data-element_type=\"widget\" data-widget_type=\"text-editor.default\">\n\t\t\t\t<div class=\"elementor-widget-container\">\n\t\t\t\t\t\t\t<p>S&#8217;ha observat que la <b>superviv\u00e8ncia del coronavirus en superf\u00edcies \u00e9s molt variable <\/b>(<i>entre 2 hores i 9 dies<\/i>) i per aix\u00f2 \u00e9s recomanable que s&#8217;intensifiquin els procediments de neteja i desinfecci\u00f3 habituals.<\/p><p><b>Aquestes actuacions de neteja i desinfecci\u00f3 hauran d&#8217;incidir especialment en tots aquells elements o zones que poden tenir mes contacte amb les mans<\/b>.<\/p>\t\t\t\t\t\t<\/div>\n\t\t\t\t<\/div>\n\t\t\t\t\t<\/div>\n\t\t<\/div>\n\t\t\t\t<div class=\"elementor-column elementor-col-50 elementor-inner-column elementor-element elementor-element-2c048b9\" data-id=\"2c048b9\" data-element_type=\"column\" data-settings=\"{&quot;background_background&quot;:&quot;classic&quot;}\">\n\t\t\t<div class=\"elementor-widget-wrap elementor-element-populated\">\n\t\t\t\t\t<div class=\"elementor-background-overlay\"><\/div>\n\t\t\t\t\t\t\t\t<div class=\"elementor-element elementor-element-919f769 elementor-widget elementor-widget-image\" data-id=\"919f769\" data-element_type=\"widget\" data-widget_type=\"image.default\">\n\t\t\t\t<div class=\"elementor-widget-container\">\n\t\t\t\t\t\t\t\t\t\t\t\t\t\t\t<img loading=\"lazy\" decoding=\"async\" width=\"1500\" height=\"1000\" src=\"https:\/\/controldeplagasselle.com\/wp-content\/uploads\/2023\/10\/personas-desinfectando-area-riesgo-biologico.jpg\" class=\"attachment-full size-full wp-image-1758\" alt=\"\" srcset=\"https:\/\/controldeplagasselle.com\/wp-content\/uploads\/2023\/10\/personas-desinfectando-area-riesgo-biologico.jpg 1500w, https:\/\/controldeplagasselle.com\/wp-content\/uploads\/2023\/10\/personas-desinfectando-area-riesgo-biologico-300x200.jpg 300w, https:\/\/controldeplagasselle.com\/wp-content\/uploads\/2023\/10\/personas-desinfectando-area-riesgo-biologico-1024x683.jpg 1024w, https:\/\/controldeplagasselle.com\/wp-content\/uploads\/2023\/10\/personas-desinfectando-area-riesgo-biologico-768x512.jpg 768w\" sizes=\"auto, (max-width: 1500px) 100vw, 1500px\" \/>\t\t\t\t\t\t\t\t\t\t\t\t\t\t\t<\/div>\n\t\t\t\t<\/div>\n\t\t\t\t\t<\/div>\n\t\t<\/div>\n\t\t\t\t\t\t\t<\/div>\n\t\t<\/section>\n\t\t\t\t\t<\/div>\n\t\t<\/div>\n\t\t\t\t\t\t\t<\/div>\n\t\t<\/section>\n\t\t\t\t<section class=\"elementor-section elementor-top-section elementor-element elementor-element-f91a9ec elementor-section-boxed elementor-section-height-default elementor-section-height-default\" data-id=\"f91a9ec\" data-element_type=\"section\" data-settings=\"{&quot;background_background&quot;:&quot;classic&quot;}\">\n\t\t\t\t\t\t<div class=\"elementor-container elementor-column-gap-default\">\n\t\t\t\t\t<div class=\"elementor-column elementor-col-25 elementor-top-column elementor-element elementor-element-3b16889\" data-id=\"3b16889\" data-element_type=\"column\">\n\t\t\t<div class=\"elementor-widget-wrap elementor-element-populated\">\n\t\t\t\t\t\t\t\t<div class=\"elementor-element elementor-element-61bd1e9 elementor-widget elementor-widget-image\" data-id=\"61bd1e9\" data-element_type=\"widget\" data-widget_type=\"image.default\">\n\t\t\t\t<div class=\"elementor-widget-container\">\n\t\t\t\t\t\t\t\t\t\t\t\t\t\t\t<img loading=\"lazy\" decoding=\"async\" width=\"380\" height=\"200\" src=\"https:\/\/controldeplagasselle.com\/wp-content\/uploads\/2023\/10\/EmbeddedImage.jpg\" class=\"attachment-large size-large wp-image-1776\" alt=\"\" srcset=\"https:\/\/controldeplagasselle.com\/wp-content\/uploads\/2023\/10\/EmbeddedImage.jpg 380w, https:\/\/controldeplagasselle.com\/wp-content\/uploads\/2023\/10\/EmbeddedImage-300x158.jpg 300w\" sizes=\"auto, (max-width: 380px) 100vw, 380px\" \/>\t\t\t\t\t\t\t\t\t\t\t\t\t\t\t<\/div>\n\t\t\t\t<\/div>\n\t\t\t\t\t<\/div>\n\t\t<\/div>\n\t\t\t\t<div class=\"elementor-column elementor-col-25 elementor-top-column elementor-element elementor-element-d573e7c\" data-id=\"d573e7c\" data-element_type=\"column\">\n\t\t\t<div class=\"elementor-widget-wrap elementor-element-populated\">\n\t\t\t\t\t\t\t\t<div class=\"elementor-element elementor-element-278a6e7 elementor-widget elementor-widget-image\" data-id=\"278a6e7\" data-element_type=\"widget\" data-widget_type=\"image.default\">\n\t\t\t\t<div class=\"elementor-widget-container\">\n\t\t\t\t\t\t\t\t\t\t\t\t\t\t\t<img loading=\"lazy\" decoding=\"async\" width=\"380\" height=\"200\" src=\"https:\/\/controldeplagasselle.com\/wp-content\/uploads\/2023\/10\/EmbeddedImage2.jpg\" class=\"attachment-large size-large wp-image-1777\" alt=\"\" srcset=\"https:\/\/controldeplagasselle.com\/wp-content\/uploads\/2023\/10\/EmbeddedImage2.jpg 380w, https:\/\/controldeplagasselle.com\/wp-content\/uploads\/2023\/10\/EmbeddedImage2-300x158.jpg 300w\" sizes=\"auto, (max-width: 380px) 100vw, 380px\" \/>\t\t\t\t\t\t\t\t\t\t\t\t\t\t\t<\/div>\n\t\t\t\t<\/div>\n\t\t\t\t\t<\/div>\n\t\t<\/div>\n\t\t\t\t<div class=\"elementor-column elementor-col-25 elementor-top-column elementor-element elementor-element-fe40887\" data-id=\"fe40887\" data-element_type=\"column\">\n\t\t\t<div class=\"elementor-widget-wrap elementor-element-populated\">\n\t\t\t\t\t\t\t\t<div class=\"elementor-element elementor-element-940f9db elementor-widget elementor-widget-image\" data-id=\"940f9db\" data-element_type=\"widget\" data-widget_type=\"image.default\">\n\t\t\t\t<div class=\"elementor-widget-container\">\n\t\t\t\t\t\t\t\t\t\t\t\t\t\t\t<img loading=\"lazy\" decoding=\"async\" width=\"380\" height=\"200\" src=\"https:\/\/controldeplagasselle.com\/wp-content\/uploads\/2023\/10\/EmbeddedImage3.jpg\" class=\"attachment-large size-large wp-image-1778\" alt=\"\" srcset=\"https:\/\/controldeplagasselle.com\/wp-content\/uploads\/2023\/10\/EmbeddedImage3.jpg 380w, https:\/\/controldeplagasselle.com\/wp-content\/uploads\/2023\/10\/EmbeddedImage3-300x158.jpg 300w\" sizes=\"auto, (max-width: 380px) 100vw, 380px\" \/>\t\t\t\t\t\t\t\t\t\t\t\t\t\t\t<\/div>\n\t\t\t\t<\/div>\n\t\t\t\t\t<\/div>\n\t\t<\/div>\n\t\t\t\t<div class=\"elementor-column elementor-col-25 elementor-top-column elementor-element elementor-element-438253c\" data-id=\"438253c\" data-element_type=\"column\">\n\t\t\t<div class=\"elementor-widget-wrap elementor-element-populated\">\n\t\t\t\t\t\t\t\t<div class=\"elementor-element elementor-element-5ed5f71 elementor-widget elementor-widget-image\" data-id=\"5ed5f71\" data-element_type=\"widget\" data-widget_type=\"image.default\">\n\t\t\t\t<div class=\"elementor-widget-container\">\n\t\t\t\t\t\t\t\t\t\t\t\t\t\t\t<img loading=\"lazy\" decoding=\"async\" width=\"380\" height=\"200\" src=\"https:\/\/controldeplagasselle.com\/wp-content\/uploads\/2023\/10\/EmbeddedImage4.jpg\" class=\"attachment-large size-large wp-image-1779\" alt=\"\" srcset=\"https:\/\/controldeplagasselle.com\/wp-content\/uploads\/2023\/10\/EmbeddedImage4.jpg 380w, https:\/\/controldeplagasselle.com\/wp-content\/uploads\/2023\/10\/EmbeddedImage4-300x158.jpg 300w\" sizes=\"auto, (max-width: 380px) 100vw, 380px\" \/>\t\t\t\t\t\t\t\t\t\t\t\t\t\t\t<\/div>\n\t\t\t\t<\/div>\n\t\t\t\t\t<\/div>\n\t\t<\/div>\n\t\t\t\t\t\t\t<\/div>\n\t\t<\/section>\n\t\t\t\t\t\t\t<\/div>\n\t\t","protected":false},"excerpt":{"rendered":"<p>Desinfecci\u00f3 La pres\u00e8ncia de microorganismes, en ambients interiors, per sobre de determinats llindars representa un risc potencial per a la salut p\u00fablica. Amb vista a evitar que es produeixi aquesta situaci\u00f3, \u00e9s necessari establir mesures de prevenci\u00f3 i control dirigides a la reducci\u00f3 de la taxa microbiana fins a nivells considerats segurs. La desinfecci\u00f3 ha &hellip;<\/p>\n<p class=\"read-more\"> <a class=\"\" href=\"https:\/\/controldeplagasselle.com\/ca\/desinfeccio\/\"> <span class=\"screen-reader-text\">Desinfecci\u00f3<\/span> Leer m\u00e1s \u00bb<\/a><\/p>\n","protected":false},"author":1,"featured_media":0,"parent":0,"menu_order":0,"comment_status":"closed","ping_status":"closed","template":"","meta":{"site-sidebar-layout":"no-sidebar","site-content-layout":"page-builder","ast-site-content-layout":"full-width-container","site-content-style":"unboxed","site-sidebar-style":"unboxed","ast-global-header-display":"","ast-banner-title-visibility":"","ast-main-header-display":"","ast-hfb-above-header-display":"","ast-hfb-below-header-display":"","ast-hfb-mobile-header-display":"","site-post-title":"disabled","ast-breadcrumbs-content":"disabled","ast-featured-img":"disabled","footer-sml-layout":"","theme-transparent-header-meta":"default","adv-header-id-meta":"","stick-header-meta":"","header-above-stick-meta":"","header-main-stick-meta":"","header-below-stick-meta":"","astra-migrate-meta-layouts":"set","footnotes":""},"class_list":["post-1954","page","type-page","status-publish","hentry"],"_links":{"self":[{"href":"https:\/\/controldeplagasselle.com\/ca\/wp-json\/wp\/v2\/pages\/1954","targetHints":{"allow":["GET"]}}],"collection":[{"href":"https:\/\/controldeplagasselle.com\/ca\/wp-json\/wp\/v2\/pages"}],"about":[{"href":"https:\/\/controldeplagasselle.com\/ca\/wp-json\/wp\/v2\/types\/page"}],"author":[{"embeddable":true,"href":"https:\/\/controldeplagasselle.com\/ca\/wp-json\/wp\/v2\/users\/1"}],"replies":[{"embeddable":true,"href":"https:\/\/controldeplagasselle.com\/ca\/wp-json\/wp\/v2\/comments?post=1954"}],"version-history":[{"count":4,"href":"https:\/\/controldeplagasselle.com\/ca\/wp-json\/wp\/v2\/pages\/1954\/revisions"}],"predecessor-version":[{"id":1968,"href":"https:\/\/controldeplagasselle.com\/ca\/wp-json\/wp\/v2\/pages\/1954\/revisions\/1968"}],"wp:attachment":[{"href":"https:\/\/controldeplagasselle.com\/ca\/wp-json\/wp\/v2\/media?parent=1954"}],"curies":[{"name":"wp","href":"https:\/\/api.w.org\/{rel}","templated":true}]}}