{"id":1953,"date":"2023-07-31T14:16:05","date_gmt":"2023-07-31T12:16:05","guid":{"rendered":"http:\/\/s510957861.mialojamiento.es\/politica-de-privacidad-y-aviso-legal\/"},"modified":"2023-07-31T14:16:05","modified_gmt":"2023-07-31T12:16:05","slug":"politica-de-privacidad-y-aviso-legal","status":"publish","type":"page","link":"https:\/\/controldeplagasselle.com\/ca\/politica-de-privacidad-y-aviso-legal\/","title":{"rendered":"Pol\u00edtica de Privacidad y Aviso Legal"},"content":{"rendered":"\t\t<div data-elementor-type=\"wp-page\" data-elementor-id=\"1953\" class=\"elementor elementor-1953 elementor-1387\">\n\t\t\t\t\t\t\t\t\t<section class=\"elementor-section elementor-top-section elementor-element elementor-element-e0467ff elementor-section-boxed elementor-section-height-default elementor-section-height-default\" data-id=\"e0467ff\" data-element_type=\"section\" data-settings=\"{&quot;background_background&quot;:&quot;classic&quot;}\">\n\t\t\t\t\t\t<div class=\"elementor-container elementor-column-gap-no\">\n\t\t\t\t\t<div class=\"elementor-column elementor-col-100 elementor-top-column elementor-element elementor-element-561adf0\" data-id=\"561adf0\" data-element_type=\"column\">\n\t\t\t<div class=\"elementor-widget-wrap elementor-element-populated\">\n\t\t\t\t\t\t\t\t<div class=\"elementor-element elementor-element-76e8320 elementor-widget elementor-widget-heading\" data-id=\"76e8320\" data-element_type=\"widget\" data-widget_type=\"heading.default\">\n\t\t\t\t<div class=\"elementor-widget-container\">\n\t\t\t<style>\/*! elementor - v3.15.0 - 20-08-2023 *\/\n.elementor-heading-title{padding:0;margin:0;line-height:1}.elementor-widget-heading .elementor-heading-title[class*=elementor-size-]>a{color:inherit;font-size:inherit;line-height:inherit}.elementor-widget-heading .elementor-heading-title.elementor-size-small{font-size:15px}.elementor-widget-heading .elementor-heading-title.elementor-size-medium{font-size:19px}.elementor-widget-heading .elementor-heading-title.elementor-size-large{font-size:29px}.elementor-widget-heading .elementor-heading-title.elementor-size-xl{font-size:39px}.elementor-widget-heading .elementor-heading-title.elementor-size-xxl{font-size:59px}<\/style><h1 class=\"elementor-heading-title elementor-size-default\">\nAviso Legal y Pol\u00edtica\nde Privacidad<\/h1>\t\t<\/div>\n\t\t\t\t<\/div>\n\t\t\t\t\t<\/div>\n\t\t<\/div>\n\t\t\t\t\t\t\t<\/div>\n\t\t<\/section>\n\t\t\t\t<section class=\"elementor-section elementor-top-section elementor-element elementor-element-3683aa6 elementor-reverse-mobile elementor-section-boxed elementor-section-height-default elementor-section-height-default\" data-id=\"3683aa6\" data-element_type=\"section\">\n\t\t\t\t\t\t<div class=\"elementor-container elementor-column-gap-no\">\n\t\t\t\t\t<div class=\"elementor-column elementor-col-100 elementor-top-column elementor-element elementor-element-89f7068\" data-id=\"89f7068\" data-element_type=\"column\">\n\t\t\t<div class=\"elementor-widget-wrap elementor-element-populated\">\n\t\t\t\t\t\t\t\t<section class=\"elementor-section elementor-inner-section elementor-element elementor-element-27741be elementor-section-boxed elementor-section-height-default elementor-section-height-default\" data-id=\"27741be\" data-element_type=\"section\">\n\t\t\t\t\t\t<div class=\"elementor-container elementor-column-gap-no\">\n\t\t\t\t\t<div class=\"elementor-column elementor-col-100 elementor-inner-column elementor-element elementor-element-6272996\" data-id=\"6272996\" data-element_type=\"column\">\n\t\t\t<div class=\"elementor-widget-wrap elementor-element-populated\">\n\t\t\t\t\t\t\t\t<div class=\"elementor-element elementor-element-140472f elementor-widget elementor-widget-text-editor\" data-id=\"140472f\" data-element_type=\"widget\" data-widget_type=\"text-editor.default\">\n\t\t\t\t<div class=\"elementor-widget-container\">\n\t\t\t<style>\/*! elementor - v3.15.0 - 20-08-2023 *\/\n.elementor-widget-text-editor.elementor-drop-cap-view-stacked .elementor-drop-cap{background-color:#69727d;color:#fff}.elementor-widget-text-editor.elementor-drop-cap-view-framed .elementor-drop-cap{color:#69727d;border:3px solid;background-color:transparent}.elementor-widget-text-editor:not(.elementor-drop-cap-view-default) .elementor-drop-cap{margin-top:8px}.elementor-widget-text-editor:not(.elementor-drop-cap-view-default) .elementor-drop-cap-letter{width:1em;height:1em}.elementor-widget-text-editor .elementor-drop-cap{float:left;text-align:center;line-height:1;font-size:50px}.elementor-widget-text-editor .elementor-drop-cap-letter{display:inline-block}<\/style>\t\t\t\t<h4>1. Responsable del tratamiento<\/h4><p>Oscar Selle . Puede contactarnos a trav\u00e9s del tel\u00e9fono +606519107, o por correo electr\u00f3nico en la direcci\u00f3n <a href=\"mailto:o_selle@hotmail.com\">o_selle@hotmail.com<\/a><\/p><h4>2. Recogida y tratamiento de datos de car\u00e1cter personal<\/h4><p>Durante el proceso de pedido o apertura de una nueva cuenta se proceder\u00e1 a la recogida de datos personales. Estos datos ser\u00e1n incorporados a un fichero bajo responsabilidad de Selle Control de Plagas, con el objetivo de gestionar la tramitaci\u00f3n y ejecuci\u00f3n de su pedido. De haber otorgado previamente su consentimiento expreso, utilizaremos su direcci\u00f3n de correo electr\u00f3nico para el env\u00edo de comunicaciones comerciales. Usted puede darse de baja de las mismas en cualquier momento.<\/p><p>Salvo que usted consienta de forma expresa la continuaci\u00f3n del uso de sus datos personales, estos ser\u00e1n bloqueados una vez se haya ejecutado el pedido y el precio de compra haya sido abonado en su totalidad. Sus datos personales ser\u00e1n eliminados transcurrido el plazo legalmente establecido para el cumplimiento de nuestras obligaciones mercantiles y fiscales, siempre y cuando usted no haya autorizado expresamente la continuaci\u00f3n de su uso.<\/p><h4>3. Destinatarios de los datos de car\u00e1cter personal<\/h4><p>Sus datos de car\u00e1cter personal ser\u00e1n comunicados a la agencia de transporte encargada del env\u00edo de la mercanc\u00eda. Igualmente, sus datos ser\u00e1n cedidos, en su caso, a la entidad de cr\u00e9dito prestadora de los servicios del pago dentro del marco de la gesti\u00f3n del pago.<\/p><h4>4. Derechos de acceso, rectificaci\u00f3n, cancelaci\u00f3n y oposici\u00f3n<\/h4><p>Usted puede ejercer sus derechos de acceso, rectificaci\u00f3n y cancelaci\u00f3n y oposici\u00f3n sobre sus datos personales, de forma gratuita, enviando un correo electr\u00f3nico a la direcci\u00f3n: <a href=\"mailto:o_selle@hotmail.com\">o_selle@hotmail.com<\/a><\/p><h4>5. Pol\u00edtica de Cookies<\/h4><p>Seg\u00fan la base normativa Art. 22.2 LSSI el presente web <a title=\"Install Drink\" href=\"https:\/\/controldeplagasselle.com\/\" target=\"_blank\" rel=\"noopener noreferrer\">https:\/\/controldeplagasselle.com<\/a> utiliza cookies, que son peque\u00f1os ficheros que se descargan en su ordenador al acceder a determinadas p\u00e1ginas web. Las cookies permiten a una p\u00e1gina web, entre otras cosas, almacenar y recuperar informaci\u00f3n sobre los h\u00e1bitos de navegaci\u00f3n de un usuario o de su equipo y, dependiendo de la informaci\u00f3n que contengan y de la forma en que utilice su equipo, pueden utilizarse para reconocer al usuario.<\/p><p>La Web hace uso de Google Analytics, un servicio de anal\u00edtica de Google, Inc. (\u201cGoogle\u201d). Google Analytics utiliza cookies, archivos de texto ubicados en tu ordenador, con el objetivo de llevar a cabo una anal\u00edtica Web acerca del modo de uso de los usuarios de la Web. La informaci\u00f3n generada por la cookie acerca de tu uso de la Web (incluyendo tu direcci\u00f3n IP), ser\u00e1 transmitida y almacenada por Google en los servidores de internet de Estados Unidos. Google no asociar\u00e1 su direcci\u00f3n IP con ning\u00fan otro dato del que disponga Google. Puede Usted rechazar el tratamiento de los datos o la informaci\u00f3n rechazando el uso de cookies mediante la selecci\u00f3n de la configuraci\u00f3n apropiada de su navegador, sin embargo, debe Usted saber que si lo hace puede ser que no pueda usar la plena funcionalidad de este website. Para m\u00e1s informaci\u00f3n sobre Google Analytics pulse aqu\u00ed:<\/p><p><a href=\"https:\/\/developers.google.com\/analytics\/devguides\/collection\/analyticsjs\/cookie-usage\">https:\/\/developers.google.com\/analytics\/devguides\/collection\/analyticsjs\/cookie-usage<\/a><\/p><p>Adem\u00e1s, usted puede impedir el registro de los datos facilitados por la cookie a Google referentes al uso del sitio web (incluida su direcci\u00f3n IP), as\u00ed como el procesamiento de estos datos por parte de Google descargando e instal\u00e1ndose en su ordenador el plug-in de navegador disponible a trav\u00e9s del siguiente enlace:<\/p><p><a href=\"https:\/\/tools.google.com\/dlpage\/gaoptout?hl=es\">https:\/\/tools.google.com\/dlpage\/gaoptout?hl=es<\/a><\/p><p>Puede usted permitir, bloquear o eliminar las cookies instaladas en su equipo mediante la configuraci\u00f3n de las opciones del navegador instalado en su ordenador.<\/p><p>Para m\u00e1s informaci\u00f3n sobre Firefox pulse aqu\u00ed:<\/p><p><a href=\"http:\/\/support.mozilla.org\/es\/kb\/cookiesinformacion-que-los-sitios-web-guardan-en-#w_configurar-las-cookies\">http:\/\/support.mozilla.org\/es\/kb\/cookiesinformacion-que-los-sitios-web-guardan-en-#w_configurar-las-cookies<\/a><\/p><p>Para m\u00e1s informaci\u00f3n sobre Chrome pulse aqu\u00ed:<\/p><p><a href=\"http:\/\/support.google.com\/chrome\/bin\/answer.py?hl=es&amp;answer=95647\">http:\/\/support.google.com\/chrome\/bin\/answer.py?hl=es&amp;answer=95647<\/a><\/p><p>Para m\u00e1s informaci\u00f3n sobre Explorer pulse aqu\u00ed:<\/p><p><a href=\"http:\/\/windows.microsoft.com\/eses\/windows7\/how-to-manage-cookies-ininternet-explorer-9\">http:\/\/windows.microsoft.com\/eses\/windows7\/how-to-manage-cookies-ininternet-explorer-9<\/a><\/p><p>Para m\u00e1s informaci\u00f3n sobre Safari pulse aqu\u00ed:<\/p><p><a href=\"http:\/\/support.apple.com\/kb\/ph5042\">http:\/\/support.apple.com\/kb\/ph5042<\/a><\/p><p>Para m\u00e1s informaci\u00f3n sobre Opera pulse aqu\u00ed:<\/p><p><a href=\"http:\/\/help.opera.com\/Windows\/11.50\/es-ES\/cookies.html\">http:\/\/help.opera.com\/Windows\/11.50\/es-ES\/cookies.html<\/a><\/p><p>Seg\u00fan base normativa Art. 5.1 LOPD y resoluci\u00f3n de litigios en l\u00ednea conforme al Art. 14.1 del Reglamento (UE) 524\/2013: La Comisi\u00f3n Europea facilita una plataforma de resoluci\u00f3n de litigios en l\u00ednea, la cual se encuentra disponible en el siguiente enlace:<\/p><p><a href=\"http:\/\/eur-lex.europa.eu\/LexUriServ\/LexUriServ.do?uri=OJ:L:2013:165:0001:0012:ES:PDF\">http:\/\/eur-lex.europa.eu\/LexUriServ\/LexUriServ.do?uri=OJ:L:2013:165:0001:0012:ES:PDF<\/a><\/p><p>Sobre la finalidad de la recogida de datos, sus datos ser\u00e1n incorporados a un fichero bajo responsabilidad de Selle Control de Plagas con el objetivo de gestionar la tramitaci\u00f3n y ejecuci\u00f3n de su pedido. De haber otorgado previamente su consentimiento expreso, utilizaremos su direcci\u00f3n de correo electr\u00f3nico para el env\u00edo de comunicaciones comerciales. Usted puede darse de baja de las mismas en cualquier momento.<\/p><p>Se informa sobre la identidad del responsable del tratamiento de datos seg\u00fan base normativa Art. 5.1 e) LOPD como Selle Control de Plagas con C\u00f3digo de Identificaci\u00f3n Fiscal B61005526, con domicilio social en Carrer Joaquim Valls, 109 Local.<\/p><p>Se informa sobre la finalidad de la recogida de los datos para la gesti\u00f3n de los productos o servicios contratados seg\u00fan base normativa Art. 5.1 LOPD.<\/p><h4>6. Texto informativo sobre el uso de Google Analytics<\/h4><p>La Web hace uso de Google Analytics, un servicio de anal\u00edtica de Google, Inc. (\u201cGoogle\u201d). Google Analytics utiliza cookies, archivos de texto ubicados en tu ordenador, con el objetivo de llevar a cabo una anal\u00edtica Web acerca del modo de uso de los usuarios de la Web. La informaci\u00f3n generada por la cookie acerca de tu uso de la Web (incluyendo tu direcci\u00f3n IP), ser\u00e1 transmitida y almacenada por Google en los servidores de internet de Estados Unidos. Google no asociar\u00e1 su direcci\u00f3n IP con ning\u00fan otro dato del que disponga Google. Puede Usted rechazar el tratamiento de los datos o la informaci\u00f3n rechazando el uso de cookies mediante la selecci\u00f3n de la configuraci\u00f3n apropiada de su navegador, sin embargo, debe Usted saber que si lo hace puede ser que no pueda usar la plena funcionalidad de este website. Para m\u00e1s informaci\u00f3n sobre Google Analytics pulse aqu\u00ed:<\/p><p><a href=\"https:\/\/developers.google.com\/analytics\/devguides\/collection\/analyticsjs\/cookie-usage\">https:\/\/developers.google.com\/analytics\/devguides\/collection\/analyticsjs\/cookie-usage<\/a><\/p><p>Adem\u00e1s, usted puede impedir el registro de los datos facilitados por la cookie a Google referentes al uso del sitio web (incluida su direcci\u00f3n IP), as\u00ed como el procesamiento de estos datos por parte de Google descargando e instal\u00e1ndose en su ordenador el plug-in de navegador disponible a trav\u00e9s del siguiente enlace:<\/p><p><a href=\"https:\/\/tools.google.com\/dlpage\/gaoptout?hl=es\">https:\/\/tools.google.com\/dlpage\/gaoptout?hl=es<\/a><\/p><p>Seg\u00fan base normativa Art. 6.1 LOPD, Art. 21.1 LSSI: De haber otorgado previamente su consentimiento expreso, utilizaremos su direcci\u00f3n de correo electr\u00f3nico para el env\u00edo de comunicaciones comerciales.<\/p><p>Usted puede darse de baja de las mismas en cualquier momento. Los datos personales que nos facilite ser\u00e1n utilizados con la finalidad de facilitarle la informaci\u00f3n solicitada, gestionar los productos o servicios contratados, y, previo consentimiento de su parte, mantenerle informado sobre productos, servicios o noticias que puedan ser de su inter\u00e9s.<\/p>\t\t\t\t\t\t<\/div>\n\t\t\t\t<\/div>\n\t\t\t\t\t<\/div>\n\t\t<\/div>\n\t\t\t\t\t\t\t<\/div>\n\t\t<\/section>\n\t\t\t\t\t<\/div>\n\t\t<\/div>\n\t\t\t\t\t\t\t<\/div>\n\t\t<\/section>\n\t\t\t\t\t\t\t<\/div>\n\t\t","protected":false},"excerpt":{"rendered":"<p>Aviso Legal y Pol\u00edtica de Privacidad 1. Responsable del tratamiento Oscar Selle . Puede contactarnos a trav\u00e9s del tel\u00e9fono +606519107, o por correo electr\u00f3nico en la direcci\u00f3n o_selle@hotmail.com 2. Recogida y tratamiento de datos de car\u00e1cter personal Durante el proceso de pedido o apertura de una nueva cuenta se proceder\u00e1 a la recogida de datos &hellip;<\/p>\n<p class=\"read-more\"> <a class=\"\" href=\"https:\/\/controldeplagasselle.com\/ca\/politica-de-privacidad-y-aviso-legal\/\"> <span class=\"screen-reader-text\">Pol\u00edtica de Privacidad y Aviso Legal<\/span> Leer m\u00e1s \u00bb<\/a><\/p>\n","protected":false},"author":1,"featured_media":0,"parent":0,"menu_order":0,"comment_status":"closed","ping_status":"closed","template":"","meta":{"site-sidebar-layout":"no-sidebar","site-content-layout":"page-builder","ast-site-content-layout":"full-width-container","site-content-style":"unboxed","site-sidebar-style":"unboxed","ast-global-header-display":"","ast-banner-title-visibility":"","ast-main-header-display":"","ast-hfb-above-header-display":"","ast-hfb-below-header-display":"","ast-hfb-mobile-header-display":"","site-post-title":"disabled","ast-breadcrumbs-content":"disabled","ast-featured-img":"disabled","footer-sml-layout":"","theme-transparent-header-meta":"default","adv-header-id-meta":"","stick-header-meta":"","header-above-stick-meta":"","header-main-stick-meta":"","header-below-stick-meta":"","astra-migrate-meta-layouts":"set","footnotes":""},"class_list":["post-1953","page","type-page","status-publish","hentry"],"_links":{"self":[{"href":"https:\/\/controldeplagasselle.com\/ca\/wp-json\/wp\/v2\/pages\/1953","targetHints":{"allow":["GET"]}}],"collection":[{"href":"https:\/\/controldeplagasselle.com\/ca\/wp-json\/wp\/v2\/pages"}],"about":[{"href":"https:\/\/controldeplagasselle.com\/ca\/wp-json\/wp\/v2\/types\/page"}],"author":[{"embeddable":true,"href":"https:\/\/controldeplagasselle.com\/ca\/wp-json\/wp\/v2\/users\/1"}],"replies":[{"embeddable":true,"href":"https:\/\/controldeplagasselle.com\/ca\/wp-json\/wp\/v2\/comments?post=1953"}],"version-history":[{"count":0,"href":"https:\/\/controldeplagasselle.com\/ca\/wp-json\/wp\/v2\/pages\/1953\/revisions"}],"wp:attachment":[{"href":"https:\/\/controldeplagasselle.com\/ca\/wp-json\/wp\/v2\/media?parent=1953"}],"curies":[{"name":"wp","href":"https:\/\/api.w.org\/{rel}","templated":true}]}}