{"id":1952,"date":"2023-07-31T14:12:48","date_gmt":"2023-07-31T12:12:48","guid":{"rendered":"http:\/\/s510957861.mialojamiento.es\/desratizacion\/"},"modified":"2023-10-06T11:09:29","modified_gmt":"2023-10-06T09:09:29","slug":"desratitzacio","status":"publish","type":"page","link":"https:\/\/controldeplagasselle.com\/ca\/desratitzacio\/","title":{"rendered":"Desratitzaci\u00f3"},"content":{"rendered":"\t\t<div data-elementor-type=\"wp-page\" data-elementor-id=\"1952\" class=\"elementor elementor-1952 elementor-1382\">\n\t\t\t\t\t\t\t\t\t<section class=\"elementor-section elementor-top-section elementor-element elementor-element-0329cc4 elementor-section-boxed elementor-section-height-default elementor-section-height-default\" data-id=\"0329cc4\" data-element_type=\"section\" data-settings=\"{&quot;background_background&quot;:&quot;classic&quot;}\">\n\t\t\t\t\t\t<div class=\"elementor-container elementor-column-gap-no\">\n\t\t\t\t\t<div class=\"elementor-column elementor-col-100 elementor-top-column elementor-element elementor-element-8108a5e\" data-id=\"8108a5e\" data-element_type=\"column\">\n\t\t\t<div class=\"elementor-widget-wrap elementor-element-populated\">\n\t\t\t\t\t\t\t\t<div class=\"elementor-element elementor-element-5d9ac0e elementor-widget elementor-widget-heading\" data-id=\"5d9ac0e\" data-element_type=\"widget\" data-widget_type=\"heading.default\">\n\t\t\t\t<div class=\"elementor-widget-container\">\n\t\t\t<style>\/*! elementor - v3.15.0 - 20-08-2023 *\/\n.elementor-heading-title{padding:0;margin:0;line-height:1}.elementor-widget-heading .elementor-heading-title[class*=elementor-size-]>a{color:inherit;font-size:inherit;line-height:inherit}.elementor-widget-heading .elementor-heading-title.elementor-size-small{font-size:15px}.elementor-widget-heading .elementor-heading-title.elementor-size-medium{font-size:19px}.elementor-widget-heading .elementor-heading-title.elementor-size-large{font-size:29px}.elementor-widget-heading .elementor-heading-title.elementor-size-xl{font-size:39px}.elementor-widget-heading .elementor-heading-title.elementor-size-xxl{font-size:59px}<\/style><h1 class=\"elementor-heading-title elementor-size-default\">\nDesratitzaci\u00f3\n<\/h1>\t\t<\/div>\n\t\t\t\t<\/div>\n\t\t\t\t\t<\/div>\n\t\t<\/div>\n\t\t\t\t\t\t\t<\/div>\n\t\t<\/section>\n\t\t\t\t<section class=\"elementor-section elementor-top-section elementor-element elementor-element-0bb3be5 elementor-reverse-mobile elementor-section-boxed elementor-section-height-default elementor-section-height-default\" data-id=\"0bb3be5\" data-element_type=\"section\">\n\t\t\t\t\t\t<div class=\"elementor-container elementor-column-gap-no\">\n\t\t\t\t\t<div class=\"elementor-column elementor-col-100 elementor-top-column elementor-element elementor-element-01fce7e\" data-id=\"01fce7e\" data-element_type=\"column\">\n\t\t\t<div class=\"elementor-widget-wrap elementor-element-populated\">\n\t\t\t\t\t\t\t\t<section class=\"elementor-section elementor-inner-section elementor-element elementor-element-cfd3f92 elementor-section-boxed elementor-section-height-default elementor-section-height-default\" data-id=\"cfd3f92\" data-element_type=\"section\">\n\t\t\t\t\t\t<div class=\"elementor-container elementor-column-gap-no\">\n\t\t\t\t\t<div class=\"elementor-column elementor-col-50 elementor-inner-column elementor-element elementor-element-d782def\" data-id=\"d782def\" data-element_type=\"column\" data-settings=\"{&quot;background_background&quot;:&quot;classic&quot;}\">\n\t\t\t<div class=\"elementor-widget-wrap elementor-element-populated\">\n\t\t\t\t\t<div class=\"elementor-background-overlay\"><\/div>\n\t\t\t\t\t\t\t\t<div class=\"elementor-element elementor-element-24790de elementor-widget elementor-widget-image\" data-id=\"24790de\" data-element_type=\"widget\" data-widget_type=\"image.default\">\n\t\t\t\t<div class=\"elementor-widget-container\">\n\t\t\t<style>\/*! elementor - v3.15.0 - 20-08-2023 *\/\n.elementor-widget-image{text-align:center}.elementor-widget-image a{display:inline-block}.elementor-widget-image a img[src$=\".svg\"]{width:48px}.elementor-widget-image img{vertical-align:middle;display:inline-block}<\/style>\t\t\t\t\t\t\t\t\t\t\t\t<img loading=\"lazy\" decoding=\"async\" width=\"1558\" height=\"2000\" src=\"https:\/\/controldeplagasselle.com\/wp-content\/uploads\/2023\/10\/primer-plano-ratas-manos-arriba.jpg\" class=\"attachment-full size-full wp-image-1736\" alt=\"\" srcset=\"https:\/\/controldeplagasselle.com\/wp-content\/uploads\/2023\/10\/primer-plano-ratas-manos-arriba.jpg 1558w, https:\/\/controldeplagasselle.com\/wp-content\/uploads\/2023\/10\/primer-plano-ratas-manos-arriba-234x300.jpg 234w, https:\/\/controldeplagasselle.com\/wp-content\/uploads\/2023\/10\/primer-plano-ratas-manos-arriba-798x1024.jpg 798w, https:\/\/controldeplagasselle.com\/wp-content\/uploads\/2023\/10\/primer-plano-ratas-manos-arriba-768x986.jpg 768w, https:\/\/controldeplagasselle.com\/wp-content\/uploads\/2023\/10\/primer-plano-ratas-manos-arriba-1197x1536.jpg 1197w\" sizes=\"auto, (max-width: 1558px) 100vw, 1558px\" \/>\t\t\t\t\t\t\t\t\t\t\t\t\t\t\t<\/div>\n\t\t\t\t<\/div>\n\t\t\t\t\t<\/div>\n\t\t<\/div>\n\t\t\t\t<div class=\"elementor-column elementor-col-50 elementor-inner-column elementor-element elementor-element-d461252\" data-id=\"d461252\" data-element_type=\"column\">\n\t\t\t<div class=\"elementor-widget-wrap elementor-element-populated\">\n\t\t\t\t\t\t\t\t<div class=\"elementor-element elementor-element-a2fc198 elementor-widget elementor-widget-text-editor\" data-id=\"a2fc198\" data-element_type=\"widget\" data-widget_type=\"text-editor.default\">\n\t\t\t\t<div class=\"elementor-widget-container\">\n\t\t\t<style>\/*! elementor - v3.15.0 - 20-08-2023 *\/\n.elementor-widget-text-editor.elementor-drop-cap-view-stacked .elementor-drop-cap{background-color:#69727d;color:#fff}.elementor-widget-text-editor.elementor-drop-cap-view-framed .elementor-drop-cap{color:#69727d;border:3px solid;background-color:transparent}.elementor-widget-text-editor:not(.elementor-drop-cap-view-default) .elementor-drop-cap{margin-top:8px}.elementor-widget-text-editor:not(.elementor-drop-cap-view-default) .elementor-drop-cap-letter{width:1em;height:1em}.elementor-widget-text-editor .elementor-drop-cap{float:left;text-align:center;line-height:1;font-size:50px}.elementor-widget-text-editor .elementor-drop-cap-letter{display:inline-block}<\/style>\t\t\t\t<p>Algunes esp\u00e8cies de rosegadors (<i>principalment, la rata grisa, Rattus norvegicus, la rata negra, Rattus rattus, i el ratol\u00ed dom\u00e8stic, Mus musculus<\/i>) <b>es comporten com a animals altament adaptats al mitj\u00e0 i capa\u00e7os, de donar-se les circumst\u00e0ncies ambientals prop\u00edcies, de colonitzar infraestructures urbanes <\/b>(<i>exemple el sistema de clavegueram<\/i>) i d&#8217;accedir a l&#8217;interior d&#8217;habitatges, locals i ind\u00fastries.<\/p><p>Aquests rosegadors (<i>rates i ratolins<\/i>) <b>s\u00f3n un risc per a la salut p\u00fablica, ja que s\u00f3n responsables de la transmissi\u00f3 de diverses malalties <\/b>a l&#8217;\u00e9sser hum\u00e0 actuant com a reservoris i vectors de malalties; a m\u00e9s, contaminen l&#8217;aigua, els aliments i les mercaderies.<\/p><p>Aix\u00ed mateix, <b>s\u00f3n capa\u00e7os de causar greus danys en instal\u00b7lacions i edificacions deteriorant la qualitat de l&#8217;ambient interior<\/b>. En conseq\u00fc\u00e8ncia, l&#8217;exist\u00e8ncia d&#8217;un Pla de prevenci\u00f3 i control de rosegadors (<i>generalment denominat Pla de Desratitzaci\u00f3<\/i>) \u00e9s <b>imprescindible<\/b>. Com a aproximaci\u00f3 general, en ambients interiors, ser\u00e0 aplicable la hip\u00f2tesi o criteri de \u201c<i>llindar de toler\u00e0ncia zero<\/i>\u201d, circumst\u00e0ncia que dona especial rellev\u00e0ncia al <b>correcte disseny i manteniment de les instal\u00b7lacions<\/b> com a mitj\u00e0 d&#8217;evitar l&#8217;acc\u00e9s de rosegadors.<\/p>\t\t\t\t\t\t<\/div>\n\t\t\t\t<\/div>\n\t\t\t\t\t<\/div>\n\t\t<\/div>\n\t\t\t\t\t\t\t<\/div>\n\t\t<\/section>\n\t\t\t\t<section class=\"elementor-section elementor-inner-section elementor-element elementor-element-052528f elementor-reverse-mobile elementor-section-boxed elementor-section-height-default elementor-section-height-default\" data-id=\"052528f\" data-element_type=\"section\">\n\t\t\t\t\t\t<div class=\"elementor-container elementor-column-gap-no\">\n\t\t\t\t\t<div class=\"elementor-column elementor-col-50 elementor-inner-column elementor-element elementor-element-a457fb8\" data-id=\"a457fb8\" data-element_type=\"column\">\n\t\t\t<div class=\"elementor-widget-wrap elementor-element-populated\">\n\t\t\t\t\t\t\t\t<div class=\"elementor-element elementor-element-ea6dcec elementor-widget elementor-widget-text-editor\" data-id=\"ea6dcec\" data-element_type=\"widget\" data-widget_type=\"text-editor.default\">\n\t\t\t\t<div class=\"elementor-widget-container\">\n\t\t\t\t\t\t\t<p>Aquest requisit i la racionalitzaci\u00f3 de l&#8217;\u00fas de rodenticides, segons els principis del Control <b> Integrat de Plagues<\/b>, seran aspectes claus a tenir en compte en l&#8217;elaboraci\u00f3 <b> del Pla de Desratitzaci\u00f3<\/b>. <b>Per raons de salut p\u00fablica, totes les instal\u00b7lacions, locals, etc., han de ser objecte de planificaci\u00f3 respecte al risc d&#8217;acc\u00e9s i proliferaci\u00f3 de rosegadors<\/b>.<\/p><p>Per a la vigil\u00e0ncia activa i el control de les poblacions de rosegadors a l&#8217;interior <b> d&#8217;edificis o locals i en el sistema de sanejament i estructura interior dels immobles<\/b> (<i>baixants, arquetes, pous, cambres d&#8217;aire, etc<\/i>.), el <b>criteri de toler\u00e0ncia ser\u00e0 d&#8217;abs\u00e8ncia total d&#8217;individus<\/b>. No obstant aix\u00f2, en la xarxa de clavegueram i altres instal\u00b7lacions subterr\u00e0nies, normalment s&#8217;apliquen criteris, generalment menys restrictius, derivats d&#8217;una <b>avaluaci\u00f3 de risc espec\u00edfica <\/b>(<i>riscos ambientals, riscos de salut p\u00fablica, viabilitat t\u00e8cnica, etc<\/i>.).<\/p>\t\t\t\t\t\t<\/div>\n\t\t\t\t<\/div>\n\t\t\t\t\t<\/div>\n\t\t<\/div>\n\t\t\t\t<div class=\"elementor-column elementor-col-50 elementor-inner-column elementor-element elementor-element-9143b34\" data-id=\"9143b34\" data-element_type=\"column\" data-settings=\"{&quot;background_background&quot;:&quot;classic&quot;}\">\n\t\t\t<div class=\"elementor-widget-wrap elementor-element-populated\">\n\t\t\t\t\t<div class=\"elementor-background-overlay\"><\/div>\n\t\t\t\t\t\t\t\t<div class=\"elementor-element elementor-element-020ec05 elementor-widget elementor-widget-image\" data-id=\"020ec05\" data-element_type=\"widget\" data-widget_type=\"image.default\">\n\t\t\t\t<div class=\"elementor-widget-container\">\n\t\t\t\t\t\t\t\t\t\t\t\t\t\t\t<img loading=\"lazy\" decoding=\"async\" width=\"1128\" height=\"1000\" src=\"https:\/\/controldeplagasselle.com\/wp-content\/uploads\/2023\/10\/persona-traje-blanco-proteccion-quimica-que-realiza-desinfeccion-areas-publicas-detener-propagacion-virus-corona-altamente-contagioso1.jpg\" class=\"attachment-full size-full wp-image-1737\" alt=\"\" srcset=\"https:\/\/controldeplagasselle.com\/wp-content\/uploads\/2023\/10\/persona-traje-blanco-proteccion-quimica-que-realiza-desinfeccion-areas-publicas-detener-propagacion-virus-corona-altamente-contagioso1.jpg 1128w, https:\/\/controldeplagasselle.com\/wp-content\/uploads\/2023\/10\/persona-traje-blanco-proteccion-quimica-que-realiza-desinfeccion-areas-publicas-detener-propagacion-virus-corona-altamente-contagioso1-300x266.jpg 300w, https:\/\/controldeplagasselle.com\/wp-content\/uploads\/2023\/10\/persona-traje-blanco-proteccion-quimica-que-realiza-desinfeccion-areas-publicas-detener-propagacion-virus-corona-altamente-contagioso1-1024x908.jpg 1024w, https:\/\/controldeplagasselle.com\/wp-content\/uploads\/2023\/10\/persona-traje-blanco-proteccion-quimica-que-realiza-desinfeccion-areas-publicas-detener-propagacion-virus-corona-altamente-contagioso1-768x681.jpg 768w\" sizes=\"auto, (max-width: 1128px) 100vw, 1128px\" \/>\t\t\t\t\t\t\t\t\t\t\t\t\t\t\t<\/div>\n\t\t\t\t<\/div>\n\t\t\t\t\t<\/div>\n\t\t<\/div>\n\t\t\t\t\t\t\t<\/div>\n\t\t<\/section>\n\t\t\t\t\t<\/div>\n\t\t<\/div>\n\t\t\t\t\t\t\t<\/div>\n\t\t<\/section>\n\t\t\t\t<section class=\"elementor-section elementor-top-section elementor-element elementor-element-4ba285e elementor-section-boxed elementor-section-height-default elementor-section-height-default\" data-id=\"4ba285e\" data-element_type=\"section\" data-settings=\"{&quot;background_background&quot;:&quot;classic&quot;}\">\n\t\t\t\t\t\t<div class=\"elementor-container elementor-column-gap-default\">\n\t\t\t\t\t<div class=\"elementor-column elementor-col-25 elementor-top-column elementor-element elementor-element-edf0e4c\" data-id=\"edf0e4c\" data-element_type=\"column\">\n\t\t\t<div class=\"elementor-widget-wrap elementor-element-populated\">\n\t\t\t\t\t\t\t\t<div class=\"elementor-element elementor-element-a9242ca elementor-widget elementor-widget-image\" data-id=\"a9242ca\" data-element_type=\"widget\" data-widget_type=\"image.default\">\n\t\t\t\t<div class=\"elementor-widget-container\">\n\t\t\t\t\t\t\t\t\t\t\t\t\t\t\t<img loading=\"lazy\" decoding=\"async\" width=\"380\" height=\"200\" src=\"https:\/\/controldeplagasselle.com\/wp-content\/uploads\/2023\/10\/EmbeddedImage.jpg\" class=\"attachment-large size-large wp-image-1776\" alt=\"\" srcset=\"https:\/\/controldeplagasselle.com\/wp-content\/uploads\/2023\/10\/EmbeddedImage.jpg 380w, https:\/\/controldeplagasselle.com\/wp-content\/uploads\/2023\/10\/EmbeddedImage-300x158.jpg 300w\" sizes=\"auto, (max-width: 380px) 100vw, 380px\" \/>\t\t\t\t\t\t\t\t\t\t\t\t\t\t\t<\/div>\n\t\t\t\t<\/div>\n\t\t\t\t\t<\/div>\n\t\t<\/div>\n\t\t\t\t<div class=\"elementor-column elementor-col-25 elementor-top-column elementor-element elementor-element-31fafb2\" data-id=\"31fafb2\" data-element_type=\"column\">\n\t\t\t<div class=\"elementor-widget-wrap elementor-element-populated\">\n\t\t\t\t\t\t\t\t<div class=\"elementor-element elementor-element-95a0a4b elementor-widget elementor-widget-image\" data-id=\"95a0a4b\" data-element_type=\"widget\" data-widget_type=\"image.default\">\n\t\t\t\t<div class=\"elementor-widget-container\">\n\t\t\t\t\t\t\t\t\t\t\t\t\t\t\t<img loading=\"lazy\" decoding=\"async\" width=\"380\" height=\"200\" src=\"https:\/\/controldeplagasselle.com\/wp-content\/uploads\/2023\/10\/EmbeddedImage2.jpg\" class=\"attachment-large size-large wp-image-1777\" alt=\"\" srcset=\"https:\/\/controldeplagasselle.com\/wp-content\/uploads\/2023\/10\/EmbeddedImage2.jpg 380w, https:\/\/controldeplagasselle.com\/wp-content\/uploads\/2023\/10\/EmbeddedImage2-300x158.jpg 300w\" sizes=\"auto, (max-width: 380px) 100vw, 380px\" \/>\t\t\t\t\t\t\t\t\t\t\t\t\t\t\t<\/div>\n\t\t\t\t<\/div>\n\t\t\t\t\t<\/div>\n\t\t<\/div>\n\t\t\t\t<div class=\"elementor-column elementor-col-25 elementor-top-column elementor-element elementor-element-ef9f142\" data-id=\"ef9f142\" data-element_type=\"column\">\n\t\t\t<div class=\"elementor-widget-wrap elementor-element-populated\">\n\t\t\t\t\t\t\t\t<div class=\"elementor-element elementor-element-f908d17 elementor-widget elementor-widget-image\" data-id=\"f908d17\" data-element_type=\"widget\" data-widget_type=\"image.default\">\n\t\t\t\t<div class=\"elementor-widget-container\">\n\t\t\t\t\t\t\t\t\t\t\t\t\t\t\t<img loading=\"lazy\" decoding=\"async\" width=\"380\" height=\"200\" src=\"https:\/\/controldeplagasselle.com\/wp-content\/uploads\/2023\/10\/EmbeddedImage3.jpg\" class=\"attachment-large size-large wp-image-1778\" alt=\"\" srcset=\"https:\/\/controldeplagasselle.com\/wp-content\/uploads\/2023\/10\/EmbeddedImage3.jpg 380w, https:\/\/controldeplagasselle.com\/wp-content\/uploads\/2023\/10\/EmbeddedImage3-300x158.jpg 300w\" sizes=\"auto, (max-width: 380px) 100vw, 380px\" \/>\t\t\t\t\t\t\t\t\t\t\t\t\t\t\t<\/div>\n\t\t\t\t<\/div>\n\t\t\t\t\t<\/div>\n\t\t<\/div>\n\t\t\t\t<div class=\"elementor-column elementor-col-25 elementor-top-column elementor-element elementor-element-f7728dd\" data-id=\"f7728dd\" data-element_type=\"column\">\n\t\t\t<div class=\"elementor-widget-wrap elementor-element-populated\">\n\t\t\t\t\t\t\t\t<div class=\"elementor-element elementor-element-36e298c elementor-widget elementor-widget-image\" data-id=\"36e298c\" data-element_type=\"widget\" data-widget_type=\"image.default\">\n\t\t\t\t<div class=\"elementor-widget-container\">\n\t\t\t\t\t\t\t\t\t\t\t\t\t\t\t<img loading=\"lazy\" decoding=\"async\" width=\"380\" height=\"200\" src=\"https:\/\/controldeplagasselle.com\/wp-content\/uploads\/2023\/10\/EmbeddedImage4.jpg\" class=\"attachment-large size-large wp-image-1779\" alt=\"\" srcset=\"https:\/\/controldeplagasselle.com\/wp-content\/uploads\/2023\/10\/EmbeddedImage4.jpg 380w, https:\/\/controldeplagasselle.com\/wp-content\/uploads\/2023\/10\/EmbeddedImage4-300x158.jpg 300w\" sizes=\"auto, (max-width: 380px) 100vw, 380px\" \/>\t\t\t\t\t\t\t\t\t\t\t\t\t\t\t<\/div>\n\t\t\t\t<\/div>\n\t\t\t\t\t<\/div>\n\t\t<\/div>\n\t\t\t\t\t\t\t<\/div>\n\t\t<\/section>\n\t\t\t\t\t\t\t<\/div>\n\t\t","protected":false},"excerpt":{"rendered":"<p>Desratitzaci\u00f3 Algunes esp\u00e8cies de rosegadors (principalment, la rata grisa, Rattus norvegicus, la rata negra, Rattus rattus, i el ratol\u00ed dom\u00e8stic, Mus musculus) es comporten com a animals altament adaptats al mitj\u00e0 i capa\u00e7os, de donar-se les circumst\u00e0ncies ambientals prop\u00edcies, de colonitzar infraestructures urbanes (exemple el sistema de clavegueram) i d&#8217;accedir a l&#8217;interior d&#8217;habitatges, locals i &hellip;<\/p>\n<p class=\"read-more\"> <a class=\"\" href=\"https:\/\/controldeplagasselle.com\/ca\/desratitzacio\/\"> <span class=\"screen-reader-text\">Desratitzaci\u00f3<\/span> Leer m\u00e1s \u00bb<\/a><\/p>\n","protected":false},"author":1,"featured_media":0,"parent":0,"menu_order":0,"comment_status":"closed","ping_status":"closed","template":"","meta":{"site-sidebar-layout":"no-sidebar","site-content-layout":"page-builder","ast-site-content-layout":"full-width-container","site-content-style":"unboxed","site-sidebar-style":"unboxed","ast-global-header-display":"","ast-banner-title-visibility":"","ast-main-header-display":"","ast-hfb-above-header-display":"","ast-hfb-below-header-display":"","ast-hfb-mobile-header-display":"","site-post-title":"disabled","ast-breadcrumbs-content":"disabled","ast-featured-img":"disabled","footer-sml-layout":"","theme-transparent-header-meta":"default","adv-header-id-meta":"","stick-header-meta":"","header-above-stick-meta":"","header-main-stick-meta":"","header-below-stick-meta":"","astra-migrate-meta-layouts":"set","footnotes":""},"class_list":["post-1952","page","type-page","status-publish","hentry"],"_links":{"self":[{"href":"https:\/\/controldeplagasselle.com\/ca\/wp-json\/wp\/v2\/pages\/1952","targetHints":{"allow":["GET"]}}],"collection":[{"href":"https:\/\/controldeplagasselle.com\/ca\/wp-json\/wp\/v2\/pages"}],"about":[{"href":"https:\/\/controldeplagasselle.com\/ca\/wp-json\/wp\/v2\/types\/page"}],"author":[{"embeddable":true,"href":"https:\/\/controldeplagasselle.com\/ca\/wp-json\/wp\/v2\/users\/1"}],"replies":[{"embeddable":true,"href":"https:\/\/controldeplagasselle.com\/ca\/wp-json\/wp\/v2\/comments?post=1952"}],"version-history":[{"count":4,"href":"https:\/\/controldeplagasselle.com\/ca\/wp-json\/wp\/v2\/pages\/1952\/revisions"}],"predecessor-version":[{"id":1972,"href":"https:\/\/controldeplagasselle.com\/ca\/wp-json\/wp\/v2\/pages\/1952\/revisions\/1972"}],"wp:attachment":[{"href":"https:\/\/controldeplagasselle.com\/ca\/wp-json\/wp\/v2\/media?parent=1952"}],"curies":[{"name":"wp","href":"https:\/\/api.w.org\/{rel}","templated":true}]}}